{"id":3278,"date":"2025-09-02T15:25:10","date_gmt":"2025-09-02T13:25:10","guid":{"rendered":"https:\/\/hawai.li\/fsd\/?page_id=3278"},"modified":"2025-11-20T19:09:41","modified_gmt":"2025-11-20T18:09:41","slug":"nutzungsbedingungen","status":"publish","type":"page","link":"https:\/\/fsd.ch\/de\/nutzungsbedingungen\/","title":{"rendered":"Nutzungsbedingungen"},"content":{"rendered":"\n<h2 class=\"wp-block-heading\">Verwaltung<\/h2>\n\n\n\n<p><strong><strong>FSD Direktor<\/strong><\/strong><br>Hansj\u00f6rg Eberle<\/p>\n\n\n\n<p><strong><strong>Redaktionsleiterin<\/strong><\/strong><br>Alexandra Brutsch, Kommunikationsleiterin<\/p>\n\n\n\n<p><strong>Hosting<\/strong><br>Infomaniak<br>Rue Eug\u00e8ne-Marziano 25<br>1227 Les Acacias, Schweiz<br><a href=\"https:\/\/www.infomaniak.com\/\" target=\"_blank\" rel=\"noreferrer noopener\"><mark style=\"background-color:rgba(0, 0, 0, 0);color:#00b1b7\" class=\"has-inline-color\">https:\/\/www.infomaniak.com\/<\/mark><\/a><\/p>\n\n\n\n<p><strong><strong>Gestaltung und Entwicklung der Website<\/strong><\/strong><br>FSD (Fondation suisse de d\u00e9minage)<br>Avenue Giuseppe-Motta 14b,<br>1202 Genf, Schweiz<br><mark style=\"background-color:rgba(0, 0, 0, 0);color:#00b1b7\" class=\"has-inline-color\"><a href=\"tel:+41227311479\">+41 22 731 14 79<\/a><br><a href=\"mailto:info@fsd.ch\">info@fsd.ch<\/a><\/mark><\/p>\n\n\n\n<h2 class=\"wp-block-heading\">Bedingungen<\/h2>\n\n\n\n<p>Bitte lesen Sie diese Nutzungsbedingungen sorgf\u00e4ltig durch, bevor Sie die Website <a href=\"https:\/\/fsd.ch\/de\/\" data-type=\"page\" data-id=\"2523\"><mark style=\"background-color:rgba(0, 0, 0, 0);color:#00b1b7\" class=\"has-inline-color\">www.fsd.ch<\/mark><\/a> nutzen. Zugang und\u00a0 Nutzung des Dienstes setzen voraus, dass Sie diese Bedingungen akzeptieren und einhalten. Diese Bedingungen gelten f\u00fcr alle Besucher, Benutzer und andere Personen, die auf den Dienst zugreifen oder ihn nutzen.<\/p>\n\n\n\n<p>Indem Sie auf den Dienst zugreifen oder ihn nutzen, erkl\u00e4ren Sie sich mit diesen Bedingungen einverstanden. Wenn Sie mit irgendeinem Teil der Bedingungen nicht einverstanden sind, d\u00fcrfen Sie den Dienst nicht nutzen.<\/p>\n\n\n\n<h2 class=\"wp-block-heading\">Spenden<\/h2>\n\n\n\n<p>Wenn Sie einen Geldbetrag \u00fcber die Spendenbox leisten wollen, werden Sie m\u00f6glicherweise aufgefordert, bestimmte Angaben zu machen, die einige Ihrer pers\u00f6nlichen Daten betreffen, sowie eine Zustimmung zur Vertragsunterzeichnung und zum Erhalt von Briefen des FSD-E-Mail-Dienstleisters zu geben. Wir senden Ihnen innerhalb von 24 Stunden nach Ihrer Spende eine Best\u00e4tigungs-E-Mail.<\/p>\n\n\n\n<p>Sobald Sie Ihre Best\u00e4tigungs-E-Mail erhalten haben, k\u00f6nnen wir die Details der Informationen nicht mehr \u00e4ndern. Bitte stellen Sie sicher, dass Sie all Ihre Angaben \u00fcberpr\u00fcfen, bevor Sie den Vorgang abschliessen. Bei Fragen:\u00a0<a href=\"mailto:donors@fsd.ch\"><mark style=\"background-color:rgba(0, 0, 0, 0);color:#00b1b7\" class=\"has-inline-color\">donors@fsd.ch<\/mark><\/a>.<\/p>\n\n\n\n<h2 class=\"wp-block-heading\"><strong>K\u00fcndigung<\/strong><\/h2>\n\n\n\n<p>Wir k\u00f6nnen den Zugang zu unserem Dienst aus beliebigen Gr\u00fcnden sofort k\u00fcndigen oder aussetzen, ohne dass wir daf\u00fcr eine Vorank\u00fcndigung oder Haftung \u00fcbernehmen m\u00fcssen. Dies gilt auch bei Nichteinhaltung der Bedingungen.<\/p>\n\n\n\n<p>Alle Bestimmungen, die ihrer Natur nach auch nach der K\u00fcndigung bestehen bleiben sollten, bleiben ebenfalls bestehen. Dazu z\u00e4hlen unter anderem Bestimmungen zu Eigentumsrechten, Gew\u00e4hrleistungsausschluss, Entsch\u00e4digung und Haftungsbeschr\u00e4nkungen.<\/p>\n\n\n\n<h2 class=\"wp-block-heading\">Inhalt<\/h2>\n\n\n\n<p>Jeder Nutzer der Plattform ist berechtigt, Nutzerinhalte einzustellen. Sie gew\u00e4hren der FSD eine nicht-exklusive, unbefristete, \u00fcbertragbare, lizensierbare, kostenlose, globale Lizenz an Benutzerinhalten, die Sie auf der Plattform oder \u00fcber die Plattform einstellen, einschliesslich des Bildes einer Person, die in den Benutzerinhalten erscheint.<\/p>\n\n\n\n<p>Dies schliesst das Recht ein, diese Rechte zu \u00fcbersetzen, darzustellen, zu reproduzieren, zu modifizieren abgeleitete Werke zu erstellen, Unterlizenzen zu vergeben, zu vertreiben und abzutreten. Die FSD kann nach eigenem Ermessen jederzeit Benutzerinhalte entfernen.<\/p>\n\n\n\n<h2 class=\"wp-block-heading\">Links zu anderen Websites<\/h2>\n\n\n\n<p>Unsere Website kann Links zu Websites oder Unternehmen enthalten, die nicht im Besitz von der FSD sind oder von der FSD kontrolliert werden. Die FSD hat keine Kontrolle \u00fcber und \u00fcbernimmt keine Verantwortung f\u00fcr den Inhalt, die Datenschutzrichtlinien oder die Praktiken von Websites oder Unternehmen Dritter.<\/p>\n\n\n\n<p>Sie erkennen ferner an und erkl\u00e4ren sich damit einverstanden, dass die FSD weder direkt noch indirekt f\u00fcr Sch\u00e4den oder Verluste verantwortlich oder haftbar ist, die durch oder in Verbindung mit der Nutzung von oder dem Vertrauen auf solche Inhalte oder Dienste, die auf oder \u00fcber solche Websites oder Dienste verf\u00fcgbar sind, entstehen oder angeblich entstehen.<\/p>\n\n\n\n<h2 class=\"wp-block-heading\">\u00c4nderungen<\/h2>\n\n\n\n<p>Wir behalten uns das Recht vor, diese Bedingungen jederzeit nach eigenem Ermessen zu \u00e4ndern oder zu ersetzen. Wenn eine \u00c4nderung wesentlich ist, werden wir versuchen, die neuen Bedingungen mindestens 30 Tage vor ihrem Inkrafttreten anzuk\u00fcndigen.&nbsp;<\/p>\n\n\n\n<p>Was eine wesentliche \u00c4nderung darstellt, wird nach unserem alleinigen Ermessen festgelegt.<\/p>\n\n\n\n<p><\/p>\n","protected":false},"excerpt":{"rendered":"<p>Verwaltung FSD DirektorHansj\u00f6rg Eberle RedaktionsleiterinAlexandra Brutsch, Kommunikationsleiterin HostingInfomaniakRue Eug\u00e8ne-Marziano 251227 Les Acacias, Schweizhttps:\/\/www.infomaniak.com\/ Gestaltung und Entwicklung der WebsiteFSD (Fondation suisse de d\u00e9minage)Avenue Giuseppe-Motta 14b,1202 Genf, Schweiz+41 22 731 14 79info@fsd.ch Bedingungen Bitte lesen Sie diese Nutzungsbedingungen sorgf\u00e4ltig durch, bevor Sie die Website www.fsd.ch nutzen. Zugang und\u00a0 Nutzung des Dienstes setzen voraus, dass Sie diese Bedingungen [&hellip;]<\/p>\n","protected":false},"author":4,"featured_media":0,"parent":0,"menu_order":76,"comment_status":"closed","ping_status":"closed","template":"","meta":{"_acf_changed":false,"footnotes":""},"class_list":["post-3278","page","type-page","status-publish","hentry"],"acf":[],"_links":{"self":[{"href":"https:\/\/fsd.ch\/de\/wp-json\/wp\/v2\/pages\/3278","targetHints":{"allow":["GET"]}}],"collection":[{"href":"https:\/\/fsd.ch\/de\/wp-json\/wp\/v2\/pages"}],"about":[{"href":"https:\/\/fsd.ch\/de\/wp-json\/wp\/v2\/types\/page"}],"author":[{"embeddable":true,"href":"https:\/\/fsd.ch\/de\/wp-json\/wp\/v2\/users\/4"}],"replies":[{"embeddable":true,"href":"https:\/\/fsd.ch\/de\/wp-json\/wp\/v2\/comments?post=3278"}],"version-history":[{"count":5,"href":"https:\/\/fsd.ch\/de\/wp-json\/wp\/v2\/pages\/3278\/revisions"}],"predecessor-version":[{"id":6032,"href":"https:\/\/fsd.ch\/de\/wp-json\/wp\/v2\/pages\/3278\/revisions\/6032"}],"wp:attachment":[{"href":"https:\/\/fsd.ch\/de\/wp-json\/wp\/v2\/media?parent=3278"}],"curies":[{"name":"wp","href":"https:\/\/api.w.org\/{rel}","templated":true}]}}