{"id":1312,"date":"2025-09-02T15:25:10","date_gmt":"2025-09-02T13:25:10","guid":{"rendered":"https:\/\/hawai.li\/fsd\/?page_id=1312"},"modified":"2025-11-10T14:56:03","modified_gmt":"2025-11-10T13:56:03","slug":"mentions-legales","status":"publish","type":"page","link":"https:\/\/fsd.ch\/fr\/mentions-legales\/","title":{"rendered":"Mentions l\u00e9gales"},"content":{"rendered":"\n<h2 class=\"wp-block-heading\">Gestion<\/h2>\n\n\n\n<p><strong>Directeur de la FSD<\/strong><br>Hansj\u00f6rg Eberle<\/p>\n\n\n\n<p><strong>Directrice de la r\u00e9daction<\/strong><br>Alexandra Brutsch, cheffe de la communication<\/p>\n\n\n\n<p><strong>H\u00e9bergement<\/strong><br>Infomaniak<br>Rue Eug\u00e8ne-Marziano 25<br>1227 Les Acacias \u2013 Suisse<br><a href=\"https:\/\/www.infomaniak.com\/\" target=\"_blank\" rel=\"noreferrer noopener\"><mark style=\"background-color:rgba(0, 0, 0, 0);color:#00b1b7\" class=\"has-inline-color\">https:\/\/www.infomaniak.com\/<\/mark><\/a><\/p>\n\n\n\n<p><strong>Cr\u00e9ation et d\u00e9veloppement du site<\/strong><br>FSD (Fondation suisse de d\u00e9minage)<br>Avenue Giuseppe-Motta 14b,<br>1202 Gen\u00e8ve, Suisse<br><mark style=\"background-color:rgba(0, 0, 0, 0);color:#00b1b7\" class=\"has-inline-color\"><a href=\"tel:+41227311479\">+41 22 731 14 79<\/a><br><a href=\"mailto:info@fsd.ch\">info@fsd.ch<\/a><\/mark><\/p>\n\n\n\n<h2 class=\"wp-block-heading\">Conditions<\/h2>\n\n\n\n<p>Veuillez lire attentivement les pr\u00e9sentes conditions d\u2019utilisation (\u00ab&nbsp;Conditions&nbsp;\u00bb, \u00ab&nbsp;Conditions d\u2019utilisation&nbsp;\u00bb) avant d\u2019utiliser le site web&nbsp;<a href=\"https:\/\/fsd.ch\/\"><mark style=\"background-color:rgba(0, 0, 0, 0);color:#00b1b7\" class=\"has-inline-color\">https:\/\/fsd.ch<\/mark><\/a>. Votre acc\u00e8s au service et son utilisation sont conditionn\u00e9s par votre acceptation et votre respect des pr\u00e9sentes conditions. Ces conditions s\u2019appliquent \u00e0 tous les visiteurs, utilisateurs et autres personnes qui acc\u00e8dent ou utilisent le service.<\/p>\n\n\n\n<p>En acc\u00e9dant ou en utilisant le service, vous acceptez d\u2019\u00eatre li\u00e9 par ces conditions. Si vous n\u2019\u00eates pas d\u2019accord avec une partie des conditions, vous ne pouvez pas acc\u00e9der au service.&nbsp;<\/p>\n\n\n\n<h2 class=\"wp-block-heading\">Dons<\/h2>\n\n\n\n<p>Si vous souhaitez faire un don via notre plateforme de don en ligne, il peut vous \u00eatre demand\u00e9 de fournir des informations relatives \u00e0 certaines de vos donn\u00e9es personnelles. Vous recevrez un e-mail de confirmation dans les 24 heures suivant votre don.<\/p>\n\n\n\n<p>Une fois que vous avez re\u00e7u cet e-mail de confirmation, vous ne pourrez plus modifier les param\u00e8tres de votre don. En cas de probl\u00e8me, veuillez nous contacter \u00e0 l\u2019adresse&nbsp;<a href=\"mailto:info@fsd.ch\"><mark style=\"background-color:rgba(0, 0, 0, 0);color:#00b1b7\" class=\"has-inline-color\">donors@fsd.ch<\/mark><\/a>.<\/p>\n\n\n\n<h2 class=\"wp-block-heading\">R\u00e9siliation<\/h2>\n\n\n\n<p>Nous pouvons r\u00e9silier ou suspendre l\u2019acc\u00e8s \u00e0 notre Service imm\u00e9diatement, sans pr\u00e9avis ni responsabilit\u00e9, pour quelque raison que ce soit, y compris, mais sans s\u2019y limiter, si les conditions ne sont pas respect\u00e9es.<\/p>\n\n\n\n<p>Toutes les dispositions des conditions qui, par leur nature, devraient survivre \u00e0 la r\u00e9siliation, survivront \u00e0 la r\u00e9siliation, y compris, mais sans s\u2019y limiter, les dispositions relatives \u00e0 la propri\u00e9t\u00e9, l\u2019exon\u00e9ration de garantie, l\u2019indemnisation et les limitations de responsabilit\u00e9.<\/p>\n\n\n\n<h2 class=\"wp-block-heading\">Contenu<\/h2>\n\n\n\n<p>Tout utilisateur de la plate-forme est autoris\u00e9 \u00e0 publier du contenu utilisateur. Vous accordez \u00e0 la FSD une licence non exclusive, perp\u00e9tuelle, transf\u00e9rable, sous-licenciable, gratuite et mondiale sur le contenu utilisateur que vous publiez sur la plate-forme, ou par l\u2019interm\u00e9diaire de la plate-forme, y compris l\u2019image de toute personne apparaissant dans le contenu utilisateur.<\/p>\n\n\n\n<p>Ou tous concepts ou id\u00e9es dans le contenu utilisateur, \u00e0 toute fin, y compris commerciale, ce qui inclut le droit de traduire, repr\u00e9senter, reproduire, modifier, cr\u00e9er des \u0153uvres d\u00e9riv\u00e9es, accorder des sous-licences, distribuer et c\u00e9der ces droits. La FSD peut, \u00e0 sa seule discr\u00e9tion, supprimer tout contenu d\u2019utilisateur \u00e0 tout moment.<\/p>\n\n\n\n<h2 class=\"wp-block-heading\">Liens vers d\u2019autres sites web<\/h2>\n\n\n\n<p>Notre site web peut contenir des liens vers des sites web ou des soci\u00e9t\u00e9s tierces qui ne sont pas d\u00e9tenus ou contr\u00f4l\u00e9s par la FSD. La FSD n\u2019a aucun contr\u00f4le sur le contenu, les politiques de confidentialit\u00e9 ou les pratiques des sites web ou des soci\u00e9t\u00e9s tierces, et n\u2019assume aucune responsabilit\u00e9 \u00e0 cet \u00e9gard.<\/p>\n\n\n\n<p>Vous reconnaissez et acceptez en outre que la FSD ne peut \u00eatre tenue responsable, directement ou indirectement, de tout dommage ou de toute perte caus\u00e9(e) ou suppos\u00e9(e) \u00eatre caus\u00e9(e) par ou en relation avec l\u2019utilisation ou la confiance accord\u00e9e \u00e0 tout contenu ou service disponible sur ou par l\u2019interm\u00e9diaire de ces sites web ou services.<\/p>\n\n\n\n<h2 class=\"wp-block-heading\">Modifications<\/h2>\n\n\n\n<p>Nous nous r\u00e9servons le droit, \u00e0 notre seule discr\u00e9tion, de modifier ou de remplacer ces conditions \u00e0 tout moment. Si une r\u00e9vision est importante, nous nous efforcerons de fournir un pr\u00e9avis d\u2019au moins 30 jours avant l\u2019entr\u00e9e en vigueur des nouvelles conditions.<\/p>\n\n\n\n<p>Ce qui constitue une modification importante sera d\u00e9termin\u00e9 par la FSD.<\/p>\n\n\n\n<p><\/p>\n","protected":false},"excerpt":{"rendered":"<p>Gestion Directeur de la FSDHansj\u00f6rg Eberle Directrice de la r\u00e9dactionAlexandra Brutsch, cheffe de la communication H\u00e9bergementInfomaniakRue Eug\u00e8ne-Marziano 251227 Les Acacias \u2013 Suissehttps:\/\/www.infomaniak.com\/ Cr\u00e9ation et d\u00e9veloppement du siteFSD (Fondation suisse de d\u00e9minage)Avenue Giuseppe-Motta 14b,1202 Gen\u00e8ve, Suisse+41 22 731 14 79info@fsd.ch Conditions Veuillez lire attentivement les pr\u00e9sentes conditions d\u2019utilisation (\u00ab&nbsp;Conditions&nbsp;\u00bb, \u00ab&nbsp;Conditions d\u2019utilisation&nbsp;\u00bb) avant d\u2019utiliser le site web&nbsp;https:\/\/fsd.ch. [&hellip;]<\/p>\n","protected":false},"author":3,"featured_media":0,"parent":0,"menu_order":75,"comment_status":"closed","ping_status":"closed","template":"","meta":{"_acf_changed":false,"footnotes":""},"class_list":["post-1312","page","type-page","status-publish","hentry"],"acf":[],"_links":{"self":[{"href":"https:\/\/fsd.ch\/fr\/wp-json\/wp\/v2\/pages\/1312","targetHints":{"allow":["GET"]}}],"collection":[{"href":"https:\/\/fsd.ch\/fr\/wp-json\/wp\/v2\/pages"}],"about":[{"href":"https:\/\/fsd.ch\/fr\/wp-json\/wp\/v2\/types\/page"}],"author":[{"embeddable":true,"href":"https:\/\/fsd.ch\/fr\/wp-json\/wp\/v2\/users\/3"}],"replies":[{"embeddable":true,"href":"https:\/\/fsd.ch\/fr\/wp-json\/wp\/v2\/comments?post=1312"}],"version-history":[{"count":5,"href":"https:\/\/fsd.ch\/fr\/wp-json\/wp\/v2\/pages\/1312\/revisions"}],"predecessor-version":[{"id":2135,"href":"https:\/\/fsd.ch\/fr\/wp-json\/wp\/v2\/pages\/1312\/revisions\/2135"}],"wp:attachment":[{"href":"https:\/\/fsd.ch\/fr\/wp-json\/wp\/v2\/media?parent=1312"}],"curies":[{"name":"wp","href":"https:\/\/api.w.org\/{rel}","templated":true}]}}