{"id":1616,"date":"2025-09-09T09:46:27","date_gmt":"2025-09-09T07:46:27","guid":{"rendered":"https:\/\/hawai.li\/fsd\/?page_id=1616"},"modified":"2026-03-16T11:14:00","modified_gmt":"2026-03-16T10:14:00","slug":"donateurs-prives","status":"publish","type":"page","link":"https:\/\/fsd.ch\/fr\/agir\/donateurs-prives\/","title":{"rendered":"Donateurs priv\u00e9s"},"content":{"rendered":"\n<h2 class=\"wp-block-heading\">Le don ponctuel, un geste simple pour un monde plus s\u00fbr<\/h2>\n\n\n\n<p>Votre don ponctuel nous permet d\u2019agir imm\u00e9diatement, l\u00e0 o\u00f9 les besoins sont les plus urgents. Chaque contribution compte \u2014 elle soutient le travail de nos d\u00e9mineur\u00b7euses, nos activit\u00e9s de sensibilisation et notre aide aux communaut\u00e9s les plus vuln\u00e9rables.<\/p>\n\n\n\n<div class=\"wp-block-buttons is-content-justification-center is-layout-flex wp-container-core-buttons-is-layout-16018d1d wp-block-buttons-is-layout-flex\">\n<div class=\"wp-block-button\"><a class=\"wp-block-button__link wp-element-button\" href=\"https:\/\/fsd.ch\/dons\/\">Faire un don<\/a><\/div>\n<\/div>\n\n\n\n<h2 class=\"wp-block-heading\">Le don r\u00e9gulier, agir chaque mois pour changer des vies<\/h2>\n\n\n\n<p>Un don r\u00e9gulier est un geste fort, porteur d\u2019un impact durable. Gr\u00e2ce au soutien des ses donateurs r\u00e9guliers, la FSD b\u00e9n\u00e9ficie d\u2019une stabilit\u00e9 pr\u00e9cieuse qui lui permet:<\/p>\n\n\n\n<ul class=\"wp-block-list\">\n<li>d\u2019assurer la continuit\u00e9 des op\u00e9rations sur le terrain,&nbsp;<\/li>\n\n\n\n<li>de planifier des projets \u00e0 long terme,&nbsp;<\/li>\n\n\n\n<li>d\u2019accompagner durablement les populations vuln\u00e9rables.&nbsp;<\/li>\n<\/ul>\n\n\n\n<p>\u00catre donateur r\u00e9gulier, c\u2019est devenir un pilier de la mission humanitaire de la FSD et faire une diff\u00e9rence concr\u00e8te pour les familles qui tentent de reconstruire leur vie dans des zones fragilis\u00e9es par des conflits arm\u00e9s.<\/p>\n\n\n\n<div class=\"block card numbers-block dark-turquoise border-radius--20\">\n            <svg class=\"pattern\" xmlns=\"http:\/\/www.w3.org\/2000\/svg\" fill=\"none\" viewBox=\"0 0 400 400\">\n  <path d=\"M199.744 160.66c.959-.119 1.898-.377 2.787-.767 1.255-.549 2.385-1.35 3.321-2.353l94.657-94.6166c1.073-1.0541 1.894-2.3399 2.401-3.7601.506-1.4207.685-2.9382.523-4.4389-.163-1.5007-.662-2.9452-1.461-4.2245-.798-1.2788-1.875-2.3592-3.149-3.1596-3.807-2.362-7.859-4.7251-11.789-6.964-2.043-.9856-3.697-2.6331-4.696-4.6773-.999-2.0441-1.285-4.366-.812-6.5919l2.232-8.1516c.67-2.391.41-4.9496-.727-7.1574-1.136-2.2077-3.065-3.89934-5.395-4.73198-10.232-3.67824-20.703-6.64729-31.337-8.886423-2.47-.477882-5.027.005589-7.153 1.352483-2.127 1.34693-3.664 3.45656-4.3 5.90172l-1.86 7.0402c-.604 2.3458-2.037 4.3891-4.032 5.7475-1.995 1.3584-4.415 1.9388-6.806 1.6325-7.437-.9742-14.916-1.53-22.404-1.6663-7.487.1364-14.967.6921-22.403 1.6663-2.391.3063-4.811-.2741-6.806-1.6325s-3.428-3.4016-4.032-5.7474l-1.86-7.04026c-.637-2.44511-2.173-4.55479-4.3-5.90171C158.217.185356 155.66-.298138 153.19.179762 142.555 2.41888 132.085 5.38797 121.852 9.06617c-2.329.83264-4.258 2.52423-5.394 4.73203-1.137 2.2077-1.397 4.7664-.727 7.1574l2.232 8.1516c.473 2.2259.186 4.5477-.812 6.5919-1 2.0442-2.654 3.6917-4.696 4.6773-3.93 2.2389-7.983 4.6019-11.789 6.9639-1.2742.8004-2.3513 1.8808-3.1498 3.1596-.7986 1.2793-1.2976 2.7238-1.46 4.2245-.1624 1.5007.0164 3.0182.5229 4.4389.5064 1.4202 1.3275 2.706 2.4008 3.7601L193.637 157.54c.936 1.003 2.066 1.804 3.32 2.353.89.39 1.829.648 2.787.767ZM200.254 239.343c-.959.12-1.898.377-2.787.767-1.255.549-2.385 1.35-3.321 2.353L99.489 337.08c-1.0734 1.054-1.8944 2.34-2.4008 3.76-.5065 1.42-.6849 2.938-.5229 4.439.1624 1.5.6619 2.945 1.4604 4.224.7986 1.279 1.8756 2.359 3.1493 3.159 3.807 2.363 7.859 4.726 11.789 6.965 2.043.985 3.697 2.633 4.696 4.677.999 2.044 1.285 4.366.812 6.592l-2.232 8.152c-.669 2.391-.41 4.949.727 7.157 1.136 2.208 3.065 3.899 5.395 4.732 10.232 3.678 20.703 6.647 31.337 8.886 2.47.478 5.027-.005 7.154-1.352 2.126-1.347 3.663-3.457 4.299-5.902l1.86-7.04c.604-2.346 2.037-4.389 4.032-5.747 1.995-1.359 4.415-1.939 6.807-1.633 7.436.974 14.915 1.53 22.403 1.666 7.487-.136 14.967-.692 22.403-1.666 2.392-.306 4.811.274 6.806 1.632 1.995 1.359 3.428 3.402 4.032 5.748l1.86 7.04c.636 2.445 2.173 4.555 4.3 5.902 2.126 1.347 4.683 1.83 7.153 1.352 10.635-2.239 21.105-5.208 31.337-8.886 2.33-.833 4.259-2.524 5.396-4.732 1.136-2.208 1.396-4.767.726-7.158l-2.232-8.151c-.473-2.226-.187-4.548.812-6.592 1-2.044 2.653-3.692 4.696-4.677 3.93-2.239 7.982-4.602 11.789-6.965 1.274-.8 2.351-1.88 3.15-3.159.798-1.279 1.298-2.724 1.46-4.224.162-1.501-.017-3.019-.523-4.439s-1.327-2.706-2.401-3.76l-94.656-94.617c-.937-1.003-2.067-1.804-3.322-2.353-.889-.39-1.827-.647-2.786-.767ZM239.341 199.746c.119.959.377 1.898.767 2.787.549 1.255 1.35 2.385 2.353 3.321l94.616 94.657c1.054 1.074 2.34 1.895 3.76 2.401 1.421.507 2.938.685 4.439.523 1.501-.162 2.945-.662 4.224-1.46 1.279-.798 2.359-1.876 3.16-3.15 2.362-3.806 4.725-7.859 6.964-11.789.985-2.042 2.633-3.696 4.677-4.695 2.044-.999 4.366-1.286 6.592-.813l8.152 2.232c2.391.67 4.949.41 7.157-.727 2.208-1.136 3.899-3.065 4.732-5.394 3.678-10.233 6.647-20.703 8.886-31.338.478-2.47-.006-5.027-1.352-7.153-1.347-2.127-3.457-3.664-5.902-4.3l-7.04-1.86c-2.346-.604-4.389-2.037-5.747-4.032-1.359-1.995-1.939-4.415-1.633-6.807.974-7.436 1.53-14.915 1.666-22.403-.136-7.487-.692-14.967-1.666-22.403-.306-2.391.274-4.811 1.633-6.806 1.358-1.995 3.401-3.429 5.747-4.032l7.04-1.861c2.445-.636 4.555-2.173 5.902-4.299 1.346-2.127 1.83-4.684 1.352-7.154-2.239-10.635-5.208-21.105-8.886-31.337-.833-2.33-2.524-4.258-4.732-5.395-2.208-1.137-4.766-1.397-7.157-.726l-8.152 2.231c-2.226.473-4.548.187-6.592-.812-2.044-.999-3.692-2.653-4.677-4.696-2.239-3.93-4.602-7.982-6.965-11.789-.8-1.274-1.88-2.351-3.159-3.1496-1.279-.7981-2.723-1.2975-4.224-1.46-1.501-.1624-3.019.0164-4.439.5229-1.42.5065-2.706 1.3275-3.76 2.4008l-94.616 94.6579c-1.003.936-1.804 2.066-2.353 3.32-.39.89-.648 1.829-.767 2.787ZM160.659 200.256c-.119-.959-.377-1.898-.767-2.787-.549-1.255-1.35-2.385-2.353-3.321L62.9231 99.4904c-1.0542-1.0733-2.34-1.8944-3.7602-2.4008-1.4206-.5065-2.9382-.6853-4.4388-.5229-1.5007.1624-2.9452.6619-4.2245 1.4605-1.2788.7985-2.3592 1.8751-3.1596 3.1488-2.362 3.807-4.725 7.86-6.9639 11.79-.9856 2.042-2.6331 3.696-4.6772 4.695-2.0442 1-4.3661 1.286-6.5919.813l-8.1516-2.232c-2.3909-.67-4.9496-.411-7.1573.726-2.2078 1.137-3.89943 3.065-4.73206 5.395-3.67818 10.233-6.64724 20.703-8.886346 31.338-.477876 2.469.005591 5.027 1.352486 7.153 1.3469 2.127 3.45654 3.664 5.90169 4.3l7.04023 1.86c2.3457.604 4.3889 2.037 5.7474 4.032 1.3583 1.995 1.9387 4.415 1.6325 6.807-.9742 7.435-1.53 14.915-1.6663 22.403.1363 7.488.6921 14.967 1.6663 22.403.3063 2.392-.2741 4.811-1.6325 6.806s-3.4017 3.428-5.7474 4.032l-7.04023 1.861c-2.4451.636-4.55476 2.172-5.90165 4.299-1.346877 2.126-1.830368 4.684-1.352469 7.153 2.239089 10.635 5.208159 21.105 8.886339 31.338.83263 2.33 2.52421 4.258 4.73201 5.395 2.2077 1.137 4.7664 1.396 7.1574.727l8.1515-2.233c2.2259-.473 4.5477-.186 6.5919.813 2.0441.999 3.6916 2.653 4.6772 4.695 2.239 3.93 4.602 7.983 6.9639 11.79.8004 1.274 1.8808 2.351 3.1596 3.149 1.2793.799 2.7238 1.298 4.2245 1.46 1.5006.163 3.0182-.016 4.4388-.523 1.4202-.506 2.706-1.327 3.7602-2.4l94.6159-94.657c1.003-.937 1.804-2.067 2.353-3.321.39-.89.648-1.828.767-2.787Z\"\/>\n<\/svg>\n        <span class=\"block--title numbers-block__headline\">\n        En 2024    <\/span>\n\n   <div class=\"numbers-block__numbers\">\n                    <div class=\"numbers-block__item\">\n                <div class=\"numbers-block__number\" data-target=\"+13'000\">\n                    <!-- Content will be dynamically generated by JavaScript -->\n                    +13&rsquo;000                <\/div>\n                <div class=\"numbers-block__description\">\n                    donateurs particuliers ont soutenu notre action                <\/div>\n            <\/div>\n                    <div class=\"numbers-block__item\">\n                <div class=\"numbers-block__number\" data-target=\"88%\">\n                    <!-- Content will be dynamically generated by JavaScript -->\n                    88%                <\/div>\n                <div class=\"numbers-block__description\">\n                    des fonds ont \u00e9t\u00e9 directement allou\u00e9s aux op\u00e9rations                <\/div>\n            <\/div>\n                    <div class=\"numbers-block__item\">\n                <div class=\"numbers-block__number\" data-target=\"+6,600,000\">\n                    <!-- Content will be dynamically generated by JavaScript -->\n                    +6,600,000                <\/div>\n                <div class=\"numbers-block__description\">\n                    m\u00e8tres carr\u00e9s d\u00e9min\u00e9s                <\/div>\n            <\/div>\n           <\/div>\n<\/div>\n\n\n\n<h2 class=\"wp-block-heading\">Pourquoi donner \u00e0 la FSD?&nbsp;<\/h2>\n\n\n\n<ul class=\"wp-block-list\">\n<li><strong>Impact imm\u00e9diat<\/strong>: vos dons financent des actions concr\u00e8tes sur le terrain.&nbsp;<\/li>\n\n\n\n<li><strong>Durabilit\u00e9<\/strong>: votre soutien nous permet d\u2019aller au-del\u00e0 de l\u2019urgence.<\/li>\n\n\n\n<li><strong>Transparence<\/strong>: nous vous tenons inform\u00e9s des projets rendus possibles gr\u00e2ce \u00e0 vous.&nbsp;<\/li>\n<\/ul>\n\n\n\n<p>Ensemble, \u00e9liminons les dangereux vestiges des guerres pass\u00e9es et construisons un avenir o\u00f9 chaque enfant peut grandir sans crainte.<\/p>\n\n\n\n<div class=\"wp-block-buttons is-content-justification-center is-layout-flex wp-container-core-buttons-is-layout-16018d1d wp-block-buttons-is-layout-flex\">\n<div class=\"wp-block-button\"><a class=\"wp-block-button__link wp-element-button\" href=\"https:\/\/fsd.ch\/dons\/\">Faire un don<\/a><\/div>\n<\/div>\n\n\n\n<div class=\"block basic-card-block card-block--normal\">\n    <section class=\"grid\">\n                    <article class=\"card border-radius--20\">\n                                <div class=\"card--content\">\n                    <div class=\"content-up\">\n                        <h3 class=\"block--title\">Nos coordonn\u00e9es bancaires<\/h3>\n                        <p><strong>DESTINATAIRE:<\/strong> \u00a0Fondation suisse de d\u00e9minage (FSD)<\/p>\n<p><strong>COMPTE BANCAIRE:<\/strong> <span data-teams=\"true\">UBS<\/span><\/p>\n<p><strong>IBAN:<\/strong> <span data-teams=\"true\">CH79 0023 6236 2226 8101 F<\/span><\/p>\n<p><strong>SWIFT CODE:<\/strong> <span data-teams=\"true\">UBSWCHZH80A<\/span><\/p>\n<p><em>Info: pour recevoir une attestation de don \u00e0 des fins de d\u00e9duction fiscale, merci de veiller \u00e0 nous transmettre votre nom et votre adresse postale complets. Veuillez noter que cette attestation fiscale n&rsquo;est valable qu&rsquo;apr\u00e8s des autorit\u00e9s fiscales suisses.\u00a0<\/em><\/p>\n                    <\/div>\n                                    <\/div>\n            <\/article>\n            <\/section>\n<\/div>\n\n\n<div class=\"block border-radius--20 darker-blue team-block\">\n    <div class=\"team-block__image\">\n                    <figure>\n                <img wpfc-lazyload-disable=\"true\" \n                    class=\"ofi-image\" \n                    src=\"https:\/\/fsd.ch\/wp-content\/uploads\/fly-images\/8481\/team-picture-Camille-1920x99999.webp\" \n                    alt=\"\"\n                    loading=\"lazy\"\n                    decoding=\"async\"\n                    width=\"800\"\n                    height=\"800\">\n            <\/figure>\n            <\/div>\n\n    <div class=\"team-block__content\">\n        <p>Votre lien direct avec la FSD<\/p>\n        <h2 class=\"block--title\">Une question ou un changement \u00e0 signaler? Notre \u00e9quipe est \u00e0 votre \u00e9coute et se fera un plaisir de vous aider.<\/h2>\n\n        <p class=\"block--name\">Camille <\/p>\n        <p class=\"block--role\"><\/p>\n\n                    <div class=\"btn-wrapper\">\n                                    <a class=\"btn--white\" href=\"mailto:donors@fsd.ch\">Email<\/a>\n                                                    <a class=\"btn--white\" href=\"tel:+41225624192\">T\u00e9l\u00e9phone<\/a>\n                            <\/div>\n            <\/div>\n            <svg class=\"part-logo\" xmlns=\"http:\/\/www.w3.org\/2000\/svg\" fill=\"none\" viewBox=\"0 0 208 161\">\n  <path fill=\"$current-color\" d=\"M103.747 0c-.959.119363-1.898.377277-2.788.766727-1.2543.549533-2.3842 1.350433-3.3204 2.353553L2.98164 97.7366C1.90832 98.7907 1.0873 100.077.580828 101.497c-.50647 1.42-.684811 2.938-.522853 4.439.162426 1.5.661867 2.945 1.460425 4.224.79855 1.279 1.87562 2.359 3.14928 3.159 3.80695 2.363 7.85922 4.726 11.78922 6.964 2.0427.986 3.6965 2.634 4.6954 4.678.9994 2.044 1.2854 4.366.8126 6.592l-2.2318 8.152c-.6699 2.391-.4101 4.949.7264 7.157s3.0655 3.899 5.3952 4.732c10.2324 3.678 20.7025 6.647 31.337 8.886 2.4701.478 5.0272-.005 7.1537-1.352 2.1261-1.347 3.6633-3.457 4.299-5.902l1.8606-7.04c.6034-2.346 2.0371-4.389 4.0316-5.748 1.995-1.358 4.415-1.938 6.807-1.632 7.436.974 14.9151 1.53 22.4034 1.666 7.487-.136 14.966-.692 22.402-1.666 2.392-.306 4.812.274 6.807 1.632 1.995 1.358 3.428 3.402 4.031 5.748l1.861 7.04c.636 2.445 2.173 4.555 4.299 5.901 2.127 1.348 4.684 1.831 7.154 1.353 10.635-2.239 21.105-5.208 31.337-8.886 2.33-.833 4.258-2.524 5.395-4.732 1.137-2.208 1.397-4.767.727-7.158l-2.233-8.151c-.472-2.226-.186-4.548.813-6.592.999-2.044 2.653-3.692 4.696-4.678 3.929-2.238 7.982-4.601 11.789-6.964 1.274-.8 2.351-1.88 3.149-3.159.799-1.279 1.298-2.724 1.46-4.224.163-1.501-.016-3.019-.522-4.439-.507-1.42-1.328-2.7063-2.401-3.7604L109.854 3.12028c-.936-1.00312-2.066-1.80402-3.321-2.353553C105.644.376809 104.705.119363 103.747 0Z\"\/>\n<\/svg>\n    <\/div>\n\n\n<div class=\"block last-posts-block\">\n    <h2 class=\"block--title\">Derni\u00e8res actualit\u00e9s<\/h2>\n            <a class=\"btn--secondary\" href=\"https:\/\/fsd.ch\/fr\/actualites\">\n            Tout voir            <svg xmlns=\"http:\/\/www.w3.org\/2000\/svg\" fill=\"none\" viewBox=\"0 0 25 25\">\n  <!-- <path fill=\"#FCFCFC\" d=\"M12.5-.000001c-3.31479 0-6.49516 1.316941-8.83985 3.660151C1.31696 6.00478-.00001 9.18521-.00001 12.5c.002867 3.3148 1.32185 6.4918 3.66504 8.835h-.00098C6.00724 23.6783 9.18521 24.9972 12.5 25l.3105-.0039c3.0989-.077 6.0603-1.3033 8.3067-3.4395l.2226-.2168c2.27-2.2713 3.5768-5.3269 3.6563-8.5293L25 12.5c0-3.31479-1.3169-6.49516-3.6602-8.83985C18.9952 1.31697 15.8148 0 12.5-.000001ZM24 12.5c0 3.0495-1.2115 5.9757-3.3672 8.1328l-.4131.3926c-2.1099 1.9094-4.86 2.9734-7.7187 2.9736-3.04964-.0025-5.97297-1.2151-8.12894-3.3711C2.21631 18.4722 1.00286 15.5494.99999 12.5l.01367-.5703c.13165-2.65275 1.17869-5.18002 2.96094-7.14943l.39258-.41309C6.52438 2.21146 9.45049.999998 12.5.999999 15.3591 1 18.1096 2.06504 20.2197 3.97461l.4131.39258C22.7885 6.52438 24 9.45049 24 12.5Z\"\/> -->\n  <path fill=\"#FCFCFC\" d=\"M13.5833 17.6046c.2393.0014.4686-.0946.6377-.2637l4.1846-4.1831c.3511-.3525.3511-.9244 0-1.2769l-4.2207-4.22225c-.1691-.17054-.3998-.26656-.6391-.26656-.2394 0-.4701.09602-.6378.26656-.3525.35255-.3525.92296 0 1.27694l2.7101 2.71011H7.23299c-.48441.02-.86847.4185-.86847.9028 0 .4859.38406.8843.86847.9043h8.32091l-2.614 2.6112c-.258.258-.3354.6464-.195.9846.1391.3368.4687.5574.8341.556h.0043Z\"\/>\n<\/svg>\n        <\/a>\n        <div class=\"last-posts-list\">\n                    <!--If $post_obj is type Post, return post id-->\n                                    <a class=\"last-posts-item\" href=\"https:\/\/fsd.ch\/fr\/au-dela-du-deminage-la-fsd-commence-a-preparer-le-passage-de-flambeau\/\">\n                                                            <div class=\"last-posts-item__thumbnail\">\n                                                            <img wpfc-lazyload-disable=\"true\" decoding=\"async\" src=\"https:\/\/fsd.ch\/wp-content\/uploads\/2025\/06\/EORE-session-Ukraine-2025-scaled.jpg\" srcset=\"https:\/\/fsd.ch\/wp-content\/uploads\/2025\/06\/EORE-session-Ukraine-2025-scaled.jpg 1x, https:\/\/fsd.ch\/wp-content\/uploads\/2025\/06\/EORE-session-Ukraine-2025-scaled.jpg 2x\" alt=\"\">\n                                                    <\/div>\n                                                    <div class=\"last-posts-item__content\">\n                    <h3 class=\"last-posts-item__title\">Au-del\u00e0 du d\u00e9minage, la FSD commence \u00e0 pr\u00e9parer le passage de flambeau<\/h3>\n                    <p class=\"last-posts-item__excerpt\">Face \u00e0 cette r\u00e9alit\u00e9, la FSD, avec le soutien de la Suisse, agit sur deux fronts:&nbsp;d\u00e9miner aujourd\u2019hui, et pr\u00e9parer demain&#8230;<\/p>\n                                            <p class=\"last-posts-item__categories\">\n                                                            <span>D\u00e9minage humanitaire<\/span>\n                                                            <span>Pr\u00e9vention et sensibilisation<\/span>\n                                                                                        <span>Ukraine<\/span>\n                                                    <\/p>\n                                    <\/div>\n            <\/a>\n                    <!--If $post_obj is type Post, return post id-->\n                                    <a class=\"last-posts-item\" href=\"https:\/\/fsd.ch\/fr\/ces-destinations-touristiques-cachent-encore-des-vestiges-de-guerre\/\">\n                                                            <div class=\"last-posts-item__thumbnail\">\n                                                            <img wpfc-lazyload-disable=\"true\" decoding=\"async\" src=\"https:\/\/fsd.ch\/wp-content\/uploads\/2025\/09\/Landscape-in-the-mountains-Tajikistan-2023-scaled.jpg\" srcset=\"https:\/\/fsd.ch\/wp-content\/uploads\/2025\/09\/Landscape-in-the-mountains-Tajikistan-2023-scaled.jpg 1x, https:\/\/fsd.ch\/wp-content\/uploads\/2025\/09\/Landscape-in-the-mountains-Tajikistan-2023-scaled.jpg 2x\" alt=\"\">\n                                                    <\/div>\n                                                    <div class=\"last-posts-item__content\">\n                    <h3 class=\"last-posts-item__title\">Ces destinations touristiques cachent encore des vestiges de guerre<\/h3>\n                    <p class=\"last-posts-item__excerpt\">Dans le monde, pr\u00e8s d\u2019un pays sur trois est contamin\u00e9, notamment une grande partie de l\u2019Asie du Sud-Est, de l\u2019Afrique&#8230;<\/p>\n                                            <p class=\"last-posts-item__categories\">\n                                                            <span>Mines et restes explosifs<\/span>\n                                                                                        <span>Colombie<\/span>\n                                                            <span>Irak<\/span>\n                                                            <span>Sri Lanka<\/span>\n                                                    <\/p>\n                                    <\/div>\n            <\/a>\n                    <!--If $post_obj is type Post, return post id-->\n                                    <a class=\"last-posts-item\" href=\"https:\/\/fsd.ch\/fr\/sur-la-frontiere-tadjiko-kirghize-les-terres-meurtries-reprennent-vie\/\">\n                                                            <div class=\"last-posts-item__thumbnail\">\n                                                            <img wpfc-lazyload-disable=\"true\" decoding=\"async\" src=\"https:\/\/fsd.ch\/wp-content\/uploads\/fly-images\/966\/TJ-pic-2-Story-380x260.webp\" srcset=\"https:\/\/fsd.ch\/wp-content\/uploads\/fly-images\/966\/TJ-pic-2-Story-380x260.webp 1x, https:\/\/fsd.ch\/wp-content\/uploads\/fly-images\/966\/TJ-pic-2-Story-760x520.webp 2x\" alt=\"\">\n                                                    <\/div>\n                                                    <div class=\"last-posts-item__content\">\n                    <h3 class=\"last-posts-item__title\">Sur la fronti\u00e8re tadjiko-kirghize, les terres meurtries reprennent vie<\/h3>\n                    <p class=\"last-posts-item__excerpt\">Aujourd\u2019hui, ces zones \u2014 utilis\u00e9es pour la cueillette saisonni\u00e8re, le p\u00e2turage et la collecte de bois \u2014 sont dangereuses. Les&#8230;<\/p>\n                                            <p class=\"last-posts-item__categories\">\n                                                            <span>Reconstruction<\/span>\n                                                            <span>D\u00e9minage humanitaire<\/span>\n                                                            <span>Pr\u00e9vention et sensibilisation<\/span>\n                                                                                        <span>Tadjikistan<\/span>\n                                                    <\/p>\n                                    <\/div>\n            <\/a>\n            <\/div>\n<\/div>\n","protected":false},"excerpt":{"rendered":"<p>Le don ponctuel, un geste simple pour un monde plus s\u00fbr Votre don ponctuel nous permet d\u2019agir imm\u00e9diatement, l\u00e0 o\u00f9 les besoins sont les plus urgents. Chaque contribution compte \u2014 elle soutient le travail de nos d\u00e9mineur\u00b7euses, nos activit\u00e9s de sensibilisation et notre aide aux communaut\u00e9s les plus vuln\u00e9rables. Le don r\u00e9gulier, agir chaque mois [&hellip;]<\/p>\n","protected":false},"author":2,"featured_media":3141,"parent":78,"menu_order":42,"comment_status":"closed","ping_status":"closed","template":"","meta":{"_acf_changed":false,"footnotes":""},"class_list":["post-1616","page","type-page","status-publish","has-post-thumbnail","hentry"],"acf":[],"_links":{"self":[{"href":"https:\/\/fsd.ch\/fr\/wp-json\/wp\/v2\/pages\/1616","targetHints":{"allow":["GET"]}}],"collection":[{"href":"https:\/\/fsd.ch\/fr\/wp-json\/wp\/v2\/pages"}],"about":[{"href":"https:\/\/fsd.ch\/fr\/wp-json\/wp\/v2\/types\/page"}],"author":[{"embeddable":true,"href":"https:\/\/fsd.ch\/fr\/wp-json\/wp\/v2\/users\/2"}],"replies":[{"embeddable":true,"href":"https:\/\/fsd.ch\/fr\/wp-json\/wp\/v2\/comments?post=1616"}],"version-history":[{"count":51,"href":"https:\/\/fsd.ch\/fr\/wp-json\/wp\/v2\/pages\/1616\/revisions"}],"predecessor-version":[{"id":8551,"href":"https:\/\/fsd.ch\/fr\/wp-json\/wp\/v2\/pages\/1616\/revisions\/8551"}],"up":[{"embeddable":true,"href":"https:\/\/fsd.ch\/fr\/wp-json\/wp\/v2\/pages\/78"}],"wp:featuredmedia":[{"embeddable":true,"href":"https:\/\/fsd.ch\/fr\/wp-json\/wp\/v2\/media\/3141"}],"wp:attachment":[{"href":"https:\/\/fsd.ch\/fr\/wp-json\/wp\/v2\/media?parent=1616"}],"curies":[{"name":"wp","href":"https:\/\/api.w.org\/{rel}","templated":true}]}}