{"id":56,"date":"2025-07-01T14:37:42","date_gmt":"2025-07-01T12:37:42","guid":{"rendered":"https:\/\/fsd.localhost\/?page_id=56"},"modified":"2026-03-27T08:28:01","modified_gmt":"2026-03-27T07:28:01","slug":"dons","status":"publish","type":"page","link":"https:\/\/fsd.ch\/fr\/dons\/","title":{"rendered":"Faire un don"},"content":{"rendered":"\n<div class=\"rnw-widget-container\"><\/div>\n<script src=\"https:\/\/tamaro.raisenow.com\/fsd-ch\/latest\/widget.js\"><\/script>\n<script>\n  window.rnw.tamaro.runWidget('.rnw-widget-container', {language: 'fr'})\n<\/script>\n\n\n\n<div class=\"block basic-card-block card-block--normal\">\n    <section class=\"grid\">\n                    <article class=\"card border-radius--20\">\n                                <div class=\"card--content\">\n                    <div class=\"content-up\">\n                        <h3 class=\"block--title\">Donner par QR facture<\/h3>\n                        <p>La QR-facture permet de faire un don de mani\u00e8re simple, rapide et efficace, et c\u2019est \u00e9galement le moyen de paiement avec les frais de transaction et de traitement les plus bas. Cliquer sur le lien pour t\u00e9l\u00e9charger une QR facture.<\/p>\n                    <\/div>\n                                            <a href=\"https:\/\/fsd.ch\/wp-content\/uploads\/2026\/03\/QR-facture-FSD.pdf\" class=\"btn--secondary\" target=\"\">\n                            T\u00e9l\u00e9charger                                                            <svg xmlns=\"http:\/\/www.w3.org\/2000\/svg\" fill=\"none\" viewBox=\"0 0 25 25\">\n  <!-- <path fill=\"#FCFCFC\" d=\"M12.5-.000001c-3.31479 0-6.49516 1.316941-8.83985 3.660151C1.31696 6.00478-.00001 9.18521-.00001 12.5c.002867 3.3148 1.32185 6.4918 3.66504 8.835h-.00098C6.00724 23.6783 9.18521 24.9972 12.5 25l.3105-.0039c3.0989-.077 6.0603-1.3033 8.3067-3.4395l.2226-.2168c2.27-2.2713 3.5768-5.3269 3.6563-8.5293L25 12.5c0-3.31479-1.3169-6.49516-3.6602-8.83985C18.9952 1.31697 15.8148 0 12.5-.000001ZM24 12.5c0 3.0495-1.2115 5.9757-3.3672 8.1328l-.4131.3926c-2.1099 1.9094-4.86 2.9734-7.7187 2.9736-3.04964-.0025-5.97297-1.2151-8.12894-3.3711C2.21631 18.4722 1.00286 15.5494.99999 12.5l.01367-.5703c.13165-2.65275 1.17869-5.18002 2.96094-7.14943l.39258-.41309C6.52438 2.21146 9.45049.999998 12.5.999999 15.3591 1 18.1096 2.06504 20.2197 3.97461l.4131.39258C22.7885 6.52438 24 9.45049 24 12.5Z\"\/> -->\n  <path fill=\"#FCFCFC\" d=\"M13.5833 17.6046c.2393.0014.4686-.0946.6377-.2637l4.1846-4.1831c.3511-.3525.3511-.9244 0-1.2769l-4.2207-4.22225c-.1691-.17054-.3998-.26656-.6391-.26656-.2394 0-.4701.09602-.6378.26656-.3525.35255-.3525.92296 0 1.27694l2.7101 2.71011H7.23299c-.48441.02-.86847.4185-.86847.9028 0 .4859.38406.8843.86847.9043h8.32091l-2.614 2.6112c-.258.258-.3354.6464-.195.9846.1391.3368.4687.5574.8341.556h.0043Z\"\/>\n<\/svg>\n                                                    <\/a>\n                                    <\/div>\n            <\/article>\n                    <article class=\"card border-radius--20\">\n                                <div class=\"card--content\">\n                    <div class=\"content-up\">\n                        <h3 class=\"block--title\">Donner par virement bancaire<\/h3>\n                        <p><strong>DESTINATAIRE:<\/strong> \u00a0Fondation suisse de d\u00e9minage (FSD)<\/p>\n<p><strong>COMPTE BANCAIRE:<\/strong> UBS<\/p>\n<p><strong>IBAN:<\/strong> CH79 0023 6236 2226 8101 F<\/p>\n<p><strong>CODE SWIFT:<\/strong> UBSWCHZH80A<\/p>\n<p><i>Info: pour recevoir une attestation de don \u00e0 des fins de d\u00e9duction fiscale, merci de veiller \u00e0 nous transmettre votre nom et votre adresse postale complets. Veuillez noter que cette attestation fiscale n\u2019est valable qu\u2019apr\u00e8s des autorit\u00e9s fiscales suisses.\u00a0<\/i><\/p>\n                    <\/div>\n                                    <\/div>\n            <\/article>\n            <\/section>\n<\/div>\n\n\n\n<div class=\"block border-radius--20 darker-blue team-block\">\n    <div class=\"team-block__image\">\n                    <figure>\n                <img wpfc-lazyload-disable=\"true\"                     class=\"ofi-image\"\n                    src=\"https:\/\/fsd.ch\/wp-content\/uploads\/fly-images\/8481\/team-picture-Camille-1920x99999.webp\"\n                    alt=\"\"\n                    loading=\"lazy\"\n                    decoding=\"async\"\n                    width=\"800\"\n                    height=\"800\">\n            <\/figure>\n            <\/div>\n\n    <div class=\"team-block__content\">\n        <p>Des questions?<\/p>\n        <h2 class=\"block--title\">Contacter notre service relation donateurs<\/h2>\n\n        <p class=\"block--name\">Camille <\/p>\n        <p class=\"block--role\"><\/p>\n\n                    <div class=\"btn-wrapper\">\n                                    <a class=\"btn--white\" href=\"mailto:donors@fsd.ch\">Email<\/a>\n                                                    <a class=\"btn--white\" href=\"tel:+41225624192\">T\u00e9l\u00e9phone<\/a>\n                            <\/div>\n            <\/div>\n            <svg class=\"part-logo\" xmlns=\"http:\/\/www.w3.org\/2000\/svg\" fill=\"none\" viewBox=\"0 0 208 161\">\n  <path fill=\"$current-color\" d=\"M103.747 0c-.959.119363-1.898.377277-2.788.766727-1.2543.549533-2.3842 1.350433-3.3204 2.353553L2.98164 97.7366C1.90832 98.7907 1.0873 100.077.580828 101.497c-.50647 1.42-.684811 2.938-.522853 4.439.162426 1.5.661867 2.945 1.460425 4.224.79855 1.279 1.87562 2.359 3.14928 3.159 3.80695 2.363 7.85922 4.726 11.78922 6.964 2.0427.986 3.6965 2.634 4.6954 4.678.9994 2.044 1.2854 4.366.8126 6.592l-2.2318 8.152c-.6699 2.391-.4101 4.949.7264 7.157s3.0655 3.899 5.3952 4.732c10.2324 3.678 20.7025 6.647 31.337 8.886 2.4701.478 5.0272-.005 7.1537-1.352 2.1261-1.347 3.6633-3.457 4.299-5.902l1.8606-7.04c.6034-2.346 2.0371-4.389 4.0316-5.748 1.995-1.358 4.415-1.938 6.807-1.632 7.436.974 14.9151 1.53 22.4034 1.666 7.487-.136 14.966-.692 22.402-1.666 2.392-.306 4.812.274 6.807 1.632 1.995 1.358 3.428 3.402 4.031 5.748l1.861 7.04c.636 2.445 2.173 4.555 4.299 5.901 2.127 1.348 4.684 1.831 7.154 1.353 10.635-2.239 21.105-5.208 31.337-8.886 2.33-.833 4.258-2.524 5.395-4.732 1.137-2.208 1.397-4.767.727-7.158l-2.233-8.151c-.472-2.226-.186-4.548.813-6.592.999-2.044 2.653-3.692 4.696-4.678 3.929-2.238 7.982-4.601 11.789-6.964 1.274-.8 2.351-1.88 3.149-3.159.799-1.279 1.298-2.724 1.46-4.224.163-1.501-.016-3.019-.522-4.439-.507-1.42-1.328-2.7063-2.401-3.7604L109.854 3.12028c-.936-1.00312-2.066-1.80402-3.321-2.353553C105.644.376809 104.705.119363 103.747 0Z\"\/>\n<\/svg>\n    <\/div>\n\n\n\n<div class=\"block basic-card-block card-block--normal\">\n    <section class=\"grid\">\n                    <article class=\"card border-radius--20\">\n                                    <figure>\n                                                                                    <picture>\n                                                                            <source\n                                            media=\"(min-width: 401px)\"\n                                            srcset=\"https:\/\/fsd.ch\/wp-content\/uploads\/fly-images\/7511\/ZEWO-FR-logo-860x99999.webp 1x, https:\/\/fsd.ch\/wp-content\/uploads\/fly-images\/7511\/ZEWO-FR-logo-1720x99999.webp 2x\">\n                                                                                                                <source\n                                            media=\"(max-width: 400px)\"\n                                            srcset=\"https:\/\/fsd.ch\/wp-content\/uploads\/fly-images\/7511\/ZEWO-FR-logo-400x99999.webp 1x, https:\/\/fsd.ch\/wp-content\/uploads\/fly-images\/7511\/ZEWO-FR-logo-800x99999.webp 2x\">\n                                                                        <img wpfc-lazyload-disable=\"true\"                                         class=\"logo\"\n                                                                                    srcset=\"https:\/\/fsd.ch\/wp-content\/uploads\/fly-images\/7511\/ZEWO-FR-logo-400x99999.webp 300w, https:\/\/fsd.ch\/wp-content\/uploads\/fly-images\/7511\/ZEWO-FR-logo-860x99999.webp 400w\"\n                                                                                src=\"https:\/\/fsd.ch\/wp-content\/uploads\/fly-images\/7511\/ZEWO-FR-logo-860x99999.webp\"\n                                        alt=\"\"\n                                        loading=\"lazy\"\n                                        decoding=\"async\"\n                                        width=\"400\"\n                                        height=\"300\">\n                                <\/picture>\n                                                                        <\/figure>\n                                <div class=\"card--content\">\n                    <div class=\"content-up\">\n                        <h3 class=\"block--title\">Certification Zewo<\/h3>\n                        <p><span class=\"a_GcMg font-feature-liga-off font-feature-clig-off font-feature-calt-off text-decoration-none text-strikethrough-none\">La FSD est porteuse du label Zewo, qui garantit une utilisation efficace et transparente des dons qu\u2019elle re\u00e7oit.<\/span><\/p>\n                    <\/div>\n                                    <\/div>\n            <\/article>\n                    <article class=\"card border-radius--20\">\n                                    <figure>\n                                                                                    <picture>\n                                                                            <source\n                                            media=\"(min-width: 401px)\"\n                                            srcset=\"https:\/\/fsd.ch\/wp-content\/uploads\/fly-images\/7598\/ISO9001-colour-logo-1-860x99999.webp 1x, https:\/\/fsd.ch\/wp-content\/uploads\/fly-images\/7598\/ISO9001-colour-logo-1-1720x99999.webp 2x\">\n                                                                                                                <source\n                                            media=\"(max-width: 400px)\"\n                                            srcset=\"https:\/\/fsd.ch\/wp-content\/uploads\/fly-images\/7598\/ISO9001-colour-logo-1-400x99999.webp 1x, https:\/\/fsd.ch\/wp-content\/uploads\/fly-images\/7598\/ISO9001-colour-logo-1-800x99999.webp 2x\">\n                                                                        <img wpfc-lazyload-disable=\"true\"                                         class=\"logo\"\n                                                                                    srcset=\"https:\/\/fsd.ch\/wp-content\/uploads\/fly-images\/7598\/ISO9001-colour-logo-1-400x99999.webp 300w, https:\/\/fsd.ch\/wp-content\/uploads\/fly-images\/7598\/ISO9001-colour-logo-1-860x99999.webp 400w\"\n                                                                                src=\"https:\/\/fsd.ch\/wp-content\/uploads\/fly-images\/7598\/ISO9001-colour-logo-1-860x99999.webp\"\n                                        alt=\"ISO9001 colour logo\"\n                                        loading=\"lazy\"\n                                        decoding=\"async\"\n                                        width=\"400\"\n                                        height=\"300\">\n                                <\/picture>\n                                                                        <\/figure>\n                                <div class=\"card--content\">\n                    <div class=\"content-up\">\n                        <h3 class=\"block--title\">Certification ISO<\/h3>\n                        <p>La FSD est porteuse du label ISO 9001:2015, qui garantit une gestion rigoureuse, transparente et efficace de l\u2019organisation.<\/p>\n                    <\/div>\n                                    <\/div>\n            <\/article>\n                    <article class=\"card border-radius--20\">\n                                    <figure>\n                                                                                    <picture>\n                                                                            <source\n                                            media=\"(min-width: 401px)\"\n                                            srcset=\"https:\/\/fsd.ch\/wp-content\/uploads\/fly-images\/8807\/Repartition-des-dons-3-860x99999.webp 1x, https:\/\/fsd.ch\/wp-content\/uploads\/fly-images\/8807\/Repartition-des-dons-3-1720x99999.webp 2x\">\n                                                                                                                <source\n                                            media=\"(max-width: 400px)\"\n                                            srcset=\"https:\/\/fsd.ch\/wp-content\/uploads\/fly-images\/8807\/Repartition-des-dons-3-400x99999.webp 1x, https:\/\/fsd.ch\/wp-content\/uploads\/fly-images\/8807\/Repartition-des-dons-3-800x99999.webp 2x\">\n                                                                        <img wpfc-lazyload-disable=\"true\"                                         class=\"ofi-image\"\n                                                                                    srcset=\"https:\/\/fsd.ch\/wp-content\/uploads\/fly-images\/8807\/Repartition-des-dons-3-400x99999.webp 300w, https:\/\/fsd.ch\/wp-content\/uploads\/fly-images\/8807\/Repartition-des-dons-3-860x99999.webp 400w\"\n                                                                                src=\"https:\/\/fsd.ch\/wp-content\/uploads\/fly-images\/8807\/Repartition-des-dons-3-860x99999.webp\"\n                                        alt=\"\"\n                                        loading=\"lazy\"\n                                        decoding=\"async\"\n                                        width=\"400\"\n                                        height=\"300\">\n                                <\/picture>\n                                                                        <\/figure>\n                                <div class=\"card--content\">\n                    <div class=\"content-up\">\n                        <h3 class=\"block--title\">O\u00f9 vont vos dons? <\/h3>\n                        <p><span class=\"a_GcMg font-feature-liga-off font-feature-clig-off font-feature-calt-off text-decoration-none text-strikethrough-none\">88%<\/span><span class=\"a_GcMg font-feature-liga-off font-feature-clig-off font-feature-calt-off text-decoration-none text-strikethrough-none\"> des dons sont directement affect\u00e9s \u00e0 nos op\u00e9rations sur le terrain,<\/span><span class=\"a_GcMg font-feature-liga-off font-feature-clig-off font-feature-calt-off text-decoration-none text-strikethrough-none\"> 7%<\/span><span class=\"a_GcMg font-feature-liga-off font-feature-clig-off font-feature-calt-off text-decoration-none text-strikethrough-none\"> sont utilis\u00e9es pour la recherche de fonds et <\/span><span class=\"a_GcMg font-feature-liga-off font-feature-clig-off font-feature-calt-off text-decoration-none text-strikethrough-none\">5% <\/span><span class=\"a_GcMg font-feature-liga-off font-feature-clig-off font-feature-calt-off text-decoration-none text-strikethrough-none\">pour l\u2019administration.<\/span><\/p>\n                    <\/div>\n                                    <\/div>\n            <\/article>\n            <\/section>\n<\/div>\n","protected":false},"excerpt":{"rendered":"","protected":false},"author":1,"featured_media":0,"parent":0,"menu_order":61,"comment_status":"closed","ping_status":"closed","template":"templates\/template-no-head.php","meta":{"_acf_changed":false,"footnotes":""},"class_list":["post-56","page","type-page","status-publish","hentry"],"acf":[],"_links":{"self":[{"href":"https:\/\/fsd.ch\/fr\/wp-json\/wp\/v2\/pages\/56","targetHints":{"allow":["GET"]}}],"collection":[{"href":"https:\/\/fsd.ch\/fr\/wp-json\/wp\/v2\/pages"}],"about":[{"href":"https:\/\/fsd.ch\/fr\/wp-json\/wp\/v2\/types\/page"}],"author":[{"embeddable":true,"href":"https:\/\/fsd.ch\/fr\/wp-json\/wp\/v2\/users\/1"}],"replies":[{"embeddable":true,"href":"https:\/\/fsd.ch\/fr\/wp-json\/wp\/v2\/comments?post=56"}],"version-history":[{"count":48,"href":"https:\/\/fsd.ch\/fr\/wp-json\/wp\/v2\/pages\/56\/revisions"}],"predecessor-version":[{"id":8809,"href":"https:\/\/fsd.ch\/fr\/wp-json\/wp\/v2\/pages\/56\/revisions\/8809"}],"wp:attachment":[{"href":"https:\/\/fsd.ch\/fr\/wp-json\/wp\/v2\/media?parent=56"}],"curies":[{"name":"wp","href":"https:\/\/api.w.org\/{rel}","templated":true}]}}