{"id":62,"date":"2025-07-01T14:38:19","date_gmt":"2025-07-01T12:38:19","guid":{"rendered":"https:\/\/fsd.localhost\/?page_id=62"},"modified":"2025-11-21T14:02:52","modified_gmt":"2025-11-21T13:02:52","slug":"equipe","status":"publish","type":"page","link":"https:\/\/fsd.ch\/fr\/a-propos\/equipe\/","title":{"rendered":"Notre \u00e9quipe"},"content":{"rendered":"\n<div class=\"block card featured-page-block light-blue border-radius--20\">\n            <span class=\"featured-page-block__headline headline border-radius--20\">\n            Quiz        <\/span>\n        <div class=\"featured-page-block__description\">\n        <p><h2>Et vous, pourriez-vous \u00eatre d\u00e9mineur\u00b7euse?<\/h2>\n<p>Avez-vous les qualit\u00e9s requises pour exercer ce m\u00e9tier ? Faites le test pour le d\u00e9couvrir.<\/p>\n<\/p>\n    <\/div>\n            <a class=\"btn--primary\" href=\"https:\/\/fsd.ch\/quiz\/et-si-vous-etiez-demineur-demineuse\/\">\n            \u00c0 vous de jouer                            <svg xmlns=\"http:\/\/www.w3.org\/2000\/svg\" fill=\"none\" viewBox=\"0 0 25 25\">\n  <!-- <path fill=\"#FCFCFC\" d=\"M12.5-.000001c-3.31479 0-6.49516 1.316941-8.83985 3.660151C1.31696 6.00478-.00001 9.18521-.00001 12.5c.002867 3.3148 1.32185 6.4918 3.66504 8.835h-.00098C6.00724 23.6783 9.18521 24.9972 12.5 25l.3105-.0039c3.0989-.077 6.0603-1.3033 8.3067-3.4395l.2226-.2168c2.27-2.2713 3.5768-5.3269 3.6563-8.5293L25 12.5c0-3.31479-1.3169-6.49516-3.6602-8.83985C18.9952 1.31697 15.8148 0 12.5-.000001ZM24 12.5c0 3.0495-1.2115 5.9757-3.3672 8.1328l-.4131.3926c-2.1099 1.9094-4.86 2.9734-7.7187 2.9736-3.04964-.0025-5.97297-1.2151-8.12894-3.3711C2.21631 18.4722 1.00286 15.5494.99999 12.5l.01367-.5703c.13165-2.65275 1.17869-5.18002 2.96094-7.14943l.39258-.41309C6.52438 2.21146 9.45049.999998 12.5.999999 15.3591 1 18.1096 2.06504 20.2197 3.97461l.4131.39258C22.7885 6.52438 24 9.45049 24 12.5Z\"\/> -->\n  <path fill=\"#FCFCFC\" d=\"M13.5833 17.6046c.2393.0014.4686-.0946.6377-.2637l4.1846-4.1831c.3511-.3525.3511-.9244 0-1.2769l-4.2207-4.22225c-.1691-.17054-.3998-.26656-.6391-.26656-.2394 0-.4701.09602-.6378.26656-.3525.35255-.3525.92296 0 1.27694l2.7101 2.71011H7.23299c-.48441.02-.86847.4185-.86847.9028 0 .4859.38406.8843.86847.9043h8.32091l-2.614 2.6112c-.258.258-.3354.6464-.195.9846.1391.3368.4687.5574.8341.556h.0043Z\"\/>\n<\/svg>\n                    <\/a>\n                <svg class=\"icon-mine\" xmlns=\"http:\/\/www.w3.org\/2000\/svg\" fill=\"none\" viewBox=\"0 0 160 160\">\n  <path fill=\"$current-color\" fill-rule=\"evenodd\" d=\"m120.411 25.17-.442.4325c5.488 4.1718 10.302 9.1598 14.278 14.785l.582-.5906c.418-.4302.93-.7581 1.511-.9604.558-.2023 1.163-.2744 1.768-.2093.604.0651 1.186.2651 1.697.5837.512.3186.93.7511 1.256 1.2603.953 1.5232 1.883 3.144 2.79 4.716.396.8162 1.047 1.479 1.861 1.8766.814.4 1.744.5139 2.651.3256l3.255-.893c.954-.2674 1.977-.1628 2.861.2907.883.4558 1.558 1.2255 1.883 2.158 1.488 4.0927 2.674 8.2808 3.558 12.5363.209.986 0 2.0092-.535 2.8603-.535.8511-1.372 1.4651-2.348 1.7209l-2.837.7441c-.93.2395-1.745.8139-2.279 1.6115-.558.7976-.791 1.765-.675 2.7231.395 2.9742.628 5.9647.675 8.9598-.047 2.9952-.28 5.988-.675 8.9622-.116.9557.117 1.9254.675 2.7231.534.7976 1.349 1.3697 2.279 1.6115l2.837.7441c.976.2558 1.813.8697 2.348 1.7208.535.8512.744 1.872.535 2.8603-.884 4.2559-2.07 8.4439-3.558 12.5369-.325.93-1 1.702-1.883 2.158-.884.453-1.907.558-2.861.29l-3.255-.893c-.907-.19-1.837-.074-2.651.323-.814.4-1.465 1.063-1.861 1.879-.907 1.572-1.837 3.193-2.79 4.716-.326.51-.744.94-1.256 1.261-.511.318-1.093.518-1.697.583-.605.066-1.21-.007-1.768-.209-.581-.202-1.093-.53-1.511-.96l-1.279-1.289c-4.07 5.551-8.976 10.456-14.534 14.532l1.186 1.181c.442.421.767.935.953 1.502.21.57.279 1.177.21 1.777-.047.6-.256 1.179-.582 1.691-.326.511-.744.942-1.256 1.262-1.511.945-3.139 1.891-4.72 2.786-.814.393-1.465 1.054-1.86 1.87-.419.819-.535 1.746-.326 2.637l.884 3.263c.256.955.162 1.979-.303 2.862-.441.882-1.209 1.558-2.139 1.893-4.093 1.47-8.279 2.658-12.5343 3.553-1 .191-2.0232-.002-2.8603-.539-.8605-.54-1.4648-1.384-1.7206-2.363l-.7441-2.816c-.2558-.937-.8141-1.756-1.628-2.297-.7906-.545-1.7674-.777-2.7208-.654-2.9766.391-5.953.612-8.9528.668-2.9998-.056-5.9996-.277-8.9762-.668-.9534-.123-1.907.109-2.7209.654-.7906.541-1.372 1.36-1.6045 2.297l-.7441 2.816c-.2558.979-.8602 1.823-1.7206 2.363-.8604.537-1.8836.73-2.8603.539-4.2555-.895-8.4413-2.083-12.5341-3.553-.9301-.335-1.6976-1.011-2.1627-1.893-.4418-.883-.5579-1.907-.2789-2.865l.8836-3.26c.186-.891.0696-1.818-.3258-2.637-.3953-.816-1.0695-1.477-1.8834-1.87-1.5581-.895-3.1858-1.841-4.6973-2.786-.5116-.32-.9536-.751-1.2792-1.262-.3023-.512-.5114-1.091-.5812-1.691-.0697-.6.0233-1.207.2094-1.777.2093-.567.5346-1.081.9765-1.502l.5347-.539c-5.6275-3.988-10.6038-8.814-14.7663-14.295l-.2094.207c-.4186.428-.9301.758-1.4882.961-.5813.202-1.1858.274-1.7904.209-.6047-.065-1.1629-.265-1.6745-.586-.5116-.319-.9533-.749-1.2788-1.258-.9302-1.523-1.8839-3.144-2.7908-4.716-.3953-.819-1.0465-1.479-1.8604-1.879-.8139-.4-1.7438-.514-2.6275-.325l-3.27899.892c-.95343.27-1.97664.166-2.86031-.29-.88366-.454-1.55789-1.226-1.88345-2.158-1.46502-4.093-2.650984-8.281-3.557901-12.5342-.186034-.9883-.000116-2.0115.534732-2.8626.534849-.8488 1.395379-1.465 2.372059-1.7185l2.81382-.7441c.93017-.2419 1.74404-.8139 2.30215-1.6139.53485-.7976.76739-1.7649.65111-2.7207-.39532-2.9742-.60477-5.9671-.67453-8.9622.06976-2.9952.27921-5.9856.67453-8.9599.11628-.958-.11626-1.9254-.65111-2.723-.55811-.7976-1.37198-1.372-2.30215-1.6139l-2.81382-.7441c-.97668-.2534-1.83721-.8697-2.372059-1.7185-.534848-.8511-.720766-1.8743-.534732-2.8626.906917-4.2532 2.092881-8.4413 3.557901-12.534.32556-.9325.99979-1.7046 1.88345-2.158.88367-.4558 1.90688-.5581 2.86031-.2907l3.27899.8929c.8837.1884 1.8136.0745 2.6275-.3255.8139-.4 1.4651-1.0604 1.8604-1.8789.9069-1.572 1.8606-3.1929 2.7908-4.716.3255-.5093.7672-.9395 1.2788-1.2581.5116-.3209 1.0698-.5208 1.6745-.5836.6046-.0651 1.2091.0046 1.7904.2069.4186.1512.8138.3698 1.1394.6488 4.116-5.5554 9.0461-10.4598 14.6038-14.5292-.2325-.3279-.442-.693-.5815-1.086-.2093-.5674-.2788-1.1743-.209-1.7743.0697-.6023.2556-1.179.5812-1.6906.3255-.5116.7441-.9441 1.2557-1.265 1.5348-.9441 3.1394-1.8882 4.7207-2.7835.8139-.3954 1.4882-1.0534 1.8835-1.872.3953-.8185.5118-1.7464.3257-2.6371l-.9069-3.2602c-.2558-.95574-.1628-1.97894.3023-2.8626.4418-.88366 1.2325-1.56036 2.1627-1.89289 4.0927-1.472 8.2785-2.66026 12.5341-3.555549.9767-.190685 1.9995.002285 2.8599.541784.8372.539495 1.4652 1.383665 1.721 2.360335l.744 2.81608c.2326.93947.814 1.75569 1.6046 2.29984.7906.54183 1.7674.77439 2.7209.65347 2.9765-.39067 5.9763-.61395 8.9761-.66744 2.9766.05349 5.9763.27677 8.9528.66744.9534.12092 1.9302-.11164 2.7209-.65347.7906-.54415 1.372-1.36037 1.6045-2.29984l.7441-2.81608c.2558-.97667.8838-1.82084 1.7209-2.360335.8605-.539499 1.8837-.732469 2.8603-.541784C102.97.969275 107.156 2.15521 111.249 3.62721c.93.33253 1.721 1.00923 2.162 1.89289.465.88366.559 1.90686.303 2.8626l-.907 3.2602c-.186.8907-.07 1.8186.325 2.6371.396.8186 1.07 1.4766 1.884 1.872 1.581.8953 3.186 1.8394 4.721 2.7835.511.3209.93.7534 1.255 1.265.326.5116.512 1.0883.582 1.6906.07.6 0 1.2069-.209 1.7743-.21.5674-.535 1.0837-.954 1.5046ZM79.2975 128.5c-27.1843 0-49.2295-22.033-49.2295-49.2128 0-27.1795 22.0452-49.2129 49.2295-49.2129 27.1605 0 49.2055 22.0334 49.2055 49.2129 0 27.1798-22.045 49.2128-49.2055 49.2128Z\" clip-rule=\"evenodd\"\/>\n<\/svg>\n        <svg class=\"icon-mine\" xmlns=\"http:\/\/www.w3.org\/2000\/svg\" fill=\"none\" viewBox=\"0 0 160 160\">\n  <path fill=\"$current-color\" fill-rule=\"evenodd\" d=\"m120.411 25.17-.442.4325c5.488 4.1718 10.302 9.1598 14.278 14.785l.582-.5906c.418-.4302.93-.7581 1.511-.9604.558-.2023 1.163-.2744 1.768-.2093.604.0651 1.186.2651 1.697.5837.512.3186.93.7511 1.256 1.2603.953 1.5232 1.883 3.144 2.79 4.716.396.8162 1.047 1.479 1.861 1.8766.814.4 1.744.5139 2.651.3256l3.255-.893c.954-.2674 1.977-.1628 2.861.2907.883.4558 1.558 1.2255 1.883 2.158 1.488 4.0927 2.674 8.2808 3.558 12.5363.209.986 0 2.0092-.535 2.8603-.535.8511-1.372 1.4651-2.348 1.7209l-2.837.7441c-.93.2395-1.745.8139-2.279 1.6115-.558.7976-.791 1.765-.675 2.7231.395 2.9742.628 5.9647.675 8.9598-.047 2.9952-.28 5.988-.675 8.9622-.116.9557.117 1.9254.675 2.7231.534.7976 1.349 1.3697 2.279 1.6115l2.837.7441c.976.2558 1.813.8697 2.348 1.7208.535.8512.744 1.872.535 2.8603-.884 4.2559-2.07 8.4439-3.558 12.5369-.325.93-1 1.702-1.883 2.158-.884.453-1.907.558-2.861.29l-3.255-.893c-.907-.19-1.837-.074-2.651.323-.814.4-1.465 1.063-1.861 1.879-.907 1.572-1.837 3.193-2.79 4.716-.326.51-.744.94-1.256 1.261-.511.318-1.093.518-1.697.583-.605.066-1.21-.007-1.768-.209-.581-.202-1.093-.53-1.511-.96l-1.279-1.289c-4.07 5.551-8.976 10.456-14.534 14.532l1.186 1.181c.442.421.767.935.953 1.502.21.57.279 1.177.21 1.777-.047.6-.256 1.179-.582 1.691-.326.511-.744.942-1.256 1.262-1.511.945-3.139 1.891-4.72 2.786-.814.393-1.465 1.054-1.86 1.87-.419.819-.535 1.746-.326 2.637l.884 3.263c.256.955.162 1.979-.303 2.862-.441.882-1.209 1.558-2.139 1.893-4.093 1.47-8.279 2.658-12.5343 3.553-1 .191-2.0232-.002-2.8603-.539-.8605-.54-1.4648-1.384-1.7206-2.363l-.7441-2.816c-.2558-.937-.8141-1.756-1.628-2.297-.7906-.545-1.7674-.777-2.7208-.654-2.9766.391-5.953.612-8.9528.668-2.9998-.056-5.9996-.277-8.9762-.668-.9534-.123-1.907.109-2.7209.654-.7906.541-1.372 1.36-1.6045 2.297l-.7441 2.816c-.2558.979-.8602 1.823-1.7206 2.363-.8604.537-1.8836.73-2.8603.539-4.2555-.895-8.4413-2.083-12.5341-3.553-.9301-.335-1.6976-1.011-2.1627-1.893-.4418-.883-.5579-1.907-.2789-2.865l.8836-3.26c.186-.891.0696-1.818-.3258-2.637-.3953-.816-1.0695-1.477-1.8834-1.87-1.5581-.895-3.1858-1.841-4.6973-2.786-.5116-.32-.9536-.751-1.2792-1.262-.3023-.512-.5114-1.091-.5812-1.691-.0697-.6.0233-1.207.2094-1.777.2093-.567.5346-1.081.9765-1.502l.5347-.539c-5.6275-3.988-10.6038-8.814-14.7663-14.295l-.2094.207c-.4186.428-.9301.758-1.4882.961-.5813.202-1.1858.274-1.7904.209-.6047-.065-1.1629-.265-1.6745-.586-.5116-.319-.9533-.749-1.2788-1.258-.9302-1.523-1.8839-3.144-2.7908-4.716-.3953-.819-1.0465-1.479-1.8604-1.879-.8139-.4-1.7438-.514-2.6275-.325l-3.27899.892c-.95343.27-1.97664.166-2.86031-.29-.88366-.454-1.55789-1.226-1.88345-2.158-1.46502-4.093-2.650984-8.281-3.557901-12.5342-.186034-.9883-.000116-2.0115.534732-2.8626.534849-.8488 1.395379-1.465 2.372059-1.7185l2.81382-.7441c.93017-.2419 1.74404-.8139 2.30215-1.6139.53485-.7976.76739-1.7649.65111-2.7207-.39532-2.9742-.60477-5.9671-.67453-8.9622.06976-2.9952.27921-5.9856.67453-8.9599.11628-.958-.11626-1.9254-.65111-2.723-.55811-.7976-1.37198-1.372-2.30215-1.6139l-2.81382-.7441c-.97668-.2534-1.83721-.8697-2.372059-1.7185-.534848-.8511-.720766-1.8743-.534732-2.8626.906917-4.2532 2.092881-8.4413 3.557901-12.534.32556-.9325.99979-1.7046 1.88345-2.158.88367-.4558 1.90688-.5581 2.86031-.2907l3.27899.8929c.8837.1884 1.8136.0745 2.6275-.3255.8139-.4 1.4651-1.0604 1.8604-1.8789.9069-1.572 1.8606-3.1929 2.7908-4.716.3255-.5093.7672-.9395 1.2788-1.2581.5116-.3209 1.0698-.5208 1.6745-.5836.6046-.0651 1.2091.0046 1.7904.2069.4186.1512.8138.3698 1.1394.6488 4.116-5.5554 9.0461-10.4598 14.6038-14.5292-.2325-.3279-.442-.693-.5815-1.086-.2093-.5674-.2788-1.1743-.209-1.7743.0697-.6023.2556-1.179.5812-1.6906.3255-.5116.7441-.9441 1.2557-1.265 1.5348-.9441 3.1394-1.8882 4.7207-2.7835.8139-.3954 1.4882-1.0534 1.8835-1.872.3953-.8185.5118-1.7464.3257-2.6371l-.9069-3.2602c-.2558-.95574-.1628-1.97894.3023-2.8626.4418-.88366 1.2325-1.56036 2.1627-1.89289 4.0927-1.472 8.2785-2.66026 12.5341-3.555549.9767-.190685 1.9995.002285 2.8599.541784.8372.539495 1.4652 1.383665 1.721 2.360335l.744 2.81608c.2326.93947.814 1.75569 1.6046 2.29984.7906.54183 1.7674.77439 2.7209.65347 2.9765-.39067 5.9763-.61395 8.9761-.66744 2.9766.05349 5.9763.27677 8.9528.66744.9534.12092 1.9302-.11164 2.7209-.65347.7906-.54415 1.372-1.36037 1.6045-2.29984l.7441-2.81608c.2558-.97667.8838-1.82084 1.7209-2.360335.8605-.539499 1.8837-.732469 2.8603-.541784C102.97.969275 107.156 2.15521 111.249 3.62721c.93.33253 1.721 1.00923 2.162 1.89289.465.88366.559 1.90686.303 2.8626l-.907 3.2602c-.186.8907-.07 1.8186.325 2.6371.396.8186 1.07 1.4766 1.884 1.872 1.581.8953 3.186 1.8394 4.721 2.7835.511.3209.93.7534 1.255 1.265.326.5116.512 1.0883.582 1.6906.07.6 0 1.2069-.209 1.7743-.21.5674-.535 1.0837-.954 1.5046ZM79.2975 128.5c-27.1843 0-49.2295-22.033-49.2295-49.2128 0-27.1795 22.0452-49.2129 49.2295-49.2129 27.1605 0 49.2055 22.0334 49.2055 49.2129 0 27.1798-22.045 49.2128-49.2055 49.2128Z\" clip-rule=\"evenodd\"\/>\n<\/svg>\n    <\/div>\n\n\n\n<details class=\"wp-block-details is-layout-flow wp-block-details-is-layout-flow\"><summary>Comment devient-on d\u00e9mineur\u00b7euse?<svg fill=\"#013e2d\" xmlns=\"http:\/\/www.w3.org\/2000\/svg\" viewBox=\"0 0 20 20\">\n            <g>\n                <path d=\"M11.451 8.081H18.463c.41 0 .796.16 1.086.45s.45.677.45 1.088c0 .847-.689 1.537-1.537 1.537H1.538A1.54 1.54 0 0 1 0 9.619c0-.848.69-1.537 1.538-1.538h9.914Z\" class=\"st1\"\/>\n                <path class=\"close\" d=\"M11.494 11.451V18.463c0 .41-.16.796-.45 1.086a1.539 1.539 0 0 1-2.625-1.087V1.538C8.419.69 9.109 0 9.957 0c.848 0 1.537.69 1.538 1.538v9.914Z\" class=\"st1\"\/>\n            <\/g>\n        <\/svg><\/summary>\n<p>Pour devenir d\u00e9mineur\u00b7euse, la formation requise d\u00e9pend du r\u00f4le concern\u00e9. On distingue d\u2019une part les expert\u00b7es en neutralisation d\u2019engins explosifs, qui disposent de nombreuses ann\u00e9es d\u2019exp\u00e9rience et d\u2019une formation approfondie dans des contextes vari\u00e9s, et d\u2019autre part les d\u00e9mineur\u00b7euses recrut\u00e9\u00b7es localement. La FSD recrute et forme ses d\u00e9mineur\u00b7euses locaux sur place par le biais d\u2019un programme intensif de quatre \u00e0 six semaines, combinant enseignements th\u00e9oriques et exercices pratiques, centr\u00e9s sur l\u2019utilisation des d\u00e9tecteurs de m\u00e9taux et autres outils de d\u00e9minage<\/p>\n<\/details>\n\n\n\n<details class=\"wp-block-details is-layout-flow wp-block-details-is-layout-flow\"><summary>Comment puis-je travailler sur le terrain pour la FSD?<svg fill=\"#013e2d\" xmlns=\"http:\/\/www.w3.org\/2000\/svg\" viewBox=\"0 0 20 20\">\n            <g>\n                <path d=\"M11.451 8.081H18.463c.41 0 .796.16 1.086.45s.45.677.45 1.088c0 .847-.689 1.537-1.537 1.537H1.538A1.54 1.54 0 0 1 0 9.619c0-.848.69-1.537 1.538-1.538h9.914Z\" class=\"st1\"\/>\n                <path class=\"close\" d=\"M11.494 11.451V18.463c0 .41-.16.796-.45 1.086a1.539 1.539 0 0 1-2.625-1.087V1.538C8.419.69 9.109 0 9.957 0c.848 0 1.537.69 1.538 1.538v9.914Z\" class=\"st1\"\/>\n            <\/g>\n        <\/svg><\/summary>\n<p>A l\u2019exception de quelques experts internationaux, la FSD emploie uniquement du personnel directement dans les pays o\u00f9 elle op\u00e8re afin d\u2019offrir des opportunit\u00e9s d\u2019emploi et transf\u00e9rer des comp\u00e9tences aux populations locales. Si vous \u00eates national d\u2019un des pays d\u2019op\u00e9ration de la FSD, vous pouvez contacter le bureau national concern\u00e9 via notre <a href=\"https:\/\/fsd.ch\/contact\/\"><mark style=\"background-color:rgba(0, 0, 0, 0);color:#00b1b7\" class=\"has-inline-color\">page contact<\/mark><\/a>.&nbsp;<\/p>\n<\/details>\n\n\n\n<details class=\"wp-block-details is-layout-flow wp-block-details-is-layout-flow\"><summary>La FSD accepte-t-elle des profils internationaux au si\u00e8ge?<svg fill=\"#013e2d\" xmlns=\"http:\/\/www.w3.org\/2000\/svg\" viewBox=\"0 0 20 20\">\n            <g>\n                <path d=\"M11.451 8.081H18.463c.41 0 .796.16 1.086.45s.45.677.45 1.088c0 .847-.689 1.537-1.537 1.537H1.538A1.54 1.54 0 0 1 0 9.619c0-.848.69-1.537 1.538-1.538h9.914Z\" class=\"st1\"\/>\n                <path class=\"close\" d=\"M11.494 11.451V18.463c0 .41-.16.796-.45 1.086a1.539 1.539 0 0 1-2.625-1.087V1.538C8.419.69 9.109 0 9.957 0c.848 0 1.537.69 1.538 1.538v9.914Z\" class=\"st1\"\/>\n            <\/g>\n        <\/svg><\/summary>\n<p>Oui, la FSD accepte des profils internationaux au si\u00e8ge, \u00e0 condition de disposer d\u2019un permis de travail valable en Suisse. Pour les jeunes professionnels, le <strong>\u00ab Young Professional Agreement \u00bb<\/strong> conclu avec 14 pays permet d\u2019obtenir un permis temporaire jusqu\u2019\u00e0 18 mois pour acqu\u00e9rir une premi\u00e8re exp\u00e9rience en lien avec leur formation. <mark style=\"background-color:rgba(0, 0, 0, 0);color:#00b1b7\" class=\"has-inline-color\"><a href=\"https:\/\/www.cagi.ch\/en\/practical-infos\/young-professionals-agreements\/?utm_source=chatgpt.com\" target=\"_blank\" rel=\"noreferrer noopener\">Plus d\u2019infos<\/a><\/mark>.<\/p>\n<\/details>\n","protected":false},"excerpt":{"rendered":"","protected":false},"author":1,"featured_media":0,"parent":58,"menu_order":12,"comment_status":"closed","ping_status":"closed","template":"templates\/template-team.php","meta":{"_acf_changed":false,"footnotes":""},"class_list":["post-62","page","type-page","status-publish","hentry"],"acf":[],"_links":{"self":[{"href":"https:\/\/fsd.ch\/fr\/wp-json\/wp\/v2\/pages\/62","targetHints":{"allow":["GET"]}}],"collection":[{"href":"https:\/\/fsd.ch\/fr\/wp-json\/wp\/v2\/pages"}],"about":[{"href":"https:\/\/fsd.ch\/fr\/wp-json\/wp\/v2\/types\/page"}],"author":[{"embeddable":true,"href":"https:\/\/fsd.ch\/fr\/wp-json\/wp\/v2\/users\/1"}],"replies":[{"embeddable":true,"href":"https:\/\/fsd.ch\/fr\/wp-json\/wp\/v2\/comments?post=62"}],"version-history":[{"count":24,"href":"https:\/\/fsd.ch\/fr\/wp-json\/wp\/v2\/pages\/62\/revisions"}],"predecessor-version":[{"id":8850,"href":"https:\/\/fsd.ch\/fr\/wp-json\/wp\/v2\/pages\/62\/revisions\/8850"}],"up":[{"embeddable":true,"href":"https:\/\/fsd.ch\/fr\/wp-json\/wp\/v2\/pages\/58"}],"wp:attachment":[{"href":"https:\/\/fsd.ch\/fr\/wp-json\/wp\/v2\/media?parent=62"}],"curies":[{"name":"wp","href":"https:\/\/api.w.org\/{rel}","templated":true}]}}